{"id":3686,"date":"2023-04-27T08:14:34","date_gmt":"2023-04-27T08:14:34","guid":{"rendered":"https:\/\/academy-ifx-com.wp-dev.int.theitops.net\/?page_id=3686"},"modified":"2026-01-30T13:31:14","modified_gmt":"2026-01-30T13:31:14","slug":"how-to-videos","status":"publish","type":"page","link":"https:\/\/academy.ironfx.com\/vi\/how-to-videos\/","title":{"rendered":"Video h\u01b0\u1edbng d\u1eabn"},"content":{"rendered":"<div data-elementor-type=\"wp-page\" data-elementor-id=\"3686\" class=\"elementor elementor-3686\">\n\t\t\t\t\t\t\t<div class=\"elementor-element elementor-element-28900c03 e-con-boxed e-flex e-con\" data-id=\"28900c03\" data-element_type=\"container\" data-settings=\"{&quot;content_width&quot;:&quot;boxed&quot;}\">\n\t\t\t\t\t<div class=\"e-con-inner\">\n\t\t\t\t<div class=\"elementor-element elementor-element-474faa47 elementor-widget elementor-widget-heading\" data-id=\"474faa47\" data-element_type=\"widget\" data-widget_type=\"heading.default\">\n\t\t\t\t<div class=\"elementor-widget-container\">\n\t\t\t<style>\/*! elementor - v3.13.3 - 28-05-2023 *\/\n.elementor-heading-title{padding:0;margin:0;line-height:1}.elementor-widget-heading .elementor-heading-title[class*=elementor-size-]>a{color:inherit;font-size:inherit;line-height:inherit}.elementor-widget-heading .elementor-heading-title.elementor-size-small{font-size:15px}.elementor-widget-heading .elementor-heading-title.elementor-size-medium{font-size:19px}.elementor-widget-heading .elementor-heading-title.elementor-size-large{font-size:29px}.elementor-widget-heading .elementor-heading-title.elementor-size-xl{font-size:39px}.elementor-widget-heading .elementor-heading-title.elementor-size-xxl{font-size:59px}<\/style><h1 class=\"elementor-heading-title elementor-size-default\">Xem v\u00e0 t\u00ecm hi\u1ec3u v\u1edbi C\u00e1ch th\u1ef1c hi\u1ec7n video c\u1ee7a ch\u00fang t\u00f4i<\/h1>\t\t<\/div>\n\t\t\t\t<\/div>\n\t\t\t\t<div class=\"elementor-element elementor-element-30cf880c elementor-widget elementor-widget-text-editor\" data-id=\"30cf880c\" data-element_type=\"widget\" data-widget_type=\"text-editor.default\">\n\t\t\t\t<div class=\"elementor-widget-container\">\n\t\t\t<style>\/*! elementor - v3.13.3 - 28-05-2023 *\/\n.elementor-widget-text-editor.elementor-drop-cap-view-stacked .elementor-drop-cap{background-color:#69727d;color:#fff}.elementor-widget-text-editor.elementor-drop-cap-view-framed .elementor-drop-cap{color:#69727d;border:3px solid;background-color:transparent}.elementor-widget-text-editor:not(.elementor-drop-cap-view-default) .elementor-drop-cap{margin-top:8px}.elementor-widget-text-editor:not(.elementor-drop-cap-view-default) .elementor-drop-cap-letter{width:1em;height:1em}.elementor-widget-text-editor .elementor-drop-cap{float:left;text-align:center;line-height:1;font-size:50px}.elementor-widget-text-editor .elementor-drop-cap-letter{display:inline-block}<\/style>\t\t\t\t<p>\u0110i s\u00e2u v\u00e0o th\u1ebf gi\u1edbi giao d\u1ecbch tr\u1ef1c tuy\u1ebfn v\u1edbi lo\u1ea1t video h\u01b0\u1edbng d\u1eabn th\u00f4ng tin c\u1ee7a ch\u00fang t\u00f4i.\u00a0<\/p>\t\t\t\t\t\t<\/div>\n\t\t\t\t<\/div>\n\t\t\t\t\t<\/div>\n\t\t\t\t<\/div>\n\t\t<div class=\"elementor-element elementor-element-7816b2c8 e-con-boxed e-flex e-con\" data-id=\"7816b2c8\" data-element_type=\"container\" data-settings=\"{&quot;content_width&quot;:&quot;boxed&quot;}\">\n\t\t\t\t\t<div class=\"e-con-inner\">\n\t\t\t\t<div class=\"elementor-element elementor-element-3b19739e elementor-widget elementor-widget-shortcode\" data-id=\"3b19739e\" data-element_type=\"widget\" data-widget_type=\"shortcode.default\">\n\t\t\t\t<div class=\"elementor-widget-container\">\n\t\t\t\t\t<div class=\"elementor-shortcode\"><div id=\"my-react-app\"><\/div><\/div>\n\t\t\t\t<\/div>\n\t\t\t\t<\/div>\n\t\t\t\t\t<\/div>\n\t\t\t\t<\/div>\n\t\t\t\t\t\t\t<\/div>","protected":false},"excerpt":{"rendered":"<p>Watch and learn with our How &#8211; to Videos Dive into the world of online trading with our series of informative video tutorials.&nbsp;<\/p>","protected":false},"author":2,"featured_media":0,"parent":0,"menu_order":0,"comment_status":"closed","ping_status":"closed","template":"","meta":[],"acf":[],"yoast_head":"<!-- This site is optimized with the Yoast SEO plugin v20.8 - https:\/\/yoast.com\/wordpress\/plugins\/seo\/ -->\n<title>how-to videos | IronFX Academy Tutorials<\/title>\n<meta name=\"description\" content=\"Manood at matuto sa aming how-to videos na may mga video tutorial upang mapahusay ang kasanayan sa IronFX Academy.\" \/>\n<meta name=\"robots\" content=\"index, follow, max-snippet:-1, max-image-preview:large, max-video-preview:-1\" \/>\n<link rel=\"canonical\" href=\"https:\/\/academy.ironfx.com\/vi\/how-to-videos\/\" \/>\n<meta property=\"og:locale\" content=\"vi_VN\" \/>\n<meta property=\"og:type\" content=\"article\" \/>\n<meta property=\"og:title\" content=\"how-to videos | IronFX Academy Tutorials\" \/>\n<meta property=\"og:description\" content=\"Manood at matuto sa aming how-to videos na may mga video tutorial upang mapahusay ang kasanayan sa IronFX Academy.\" \/>\n<meta property=\"og:url\" content=\"https:\/\/academy.ironfx.com\/vi\/how-to-videos\/\" \/>\n<meta property=\"og:site_name\" content=\"IronFX Academy\" \/>\n<meta property=\"article:publisher\" content=\"https:\/\/www.facebook.com\/IronFX\/\" \/>\n<meta property=\"article:modified_time\" content=\"2026-01-30T13:31:14+00:00\" \/>\n<meta name=\"twitter:card\" content=\"summary_large_image\" \/>\n<meta name=\"twitter:label1\" content=\"\u01af\u1edbc t\u00ednh th\u1eddi gian \u0111\u1ecdc\" \/>\n\t<meta name=\"twitter:data1\" content=\"1 ph\u00fat\" \/>\n<script type=\"application\/ld+json\" class=\"yoast-schema-graph\">{\"@context\":\"https:\/\/schema.org\",\"@graph\":[{\"@type\":\"WebPage\",\"@id\":\"https:\/\/academy.ironfx.com\/vi\/how-to-videos\/\",\"url\":\"https:\/\/academy.ironfx.com\/vi\/how-to-videos\/\",\"name\":\"how-to videos | IronFX Academy Tutorials\",\"isPartOf\":{\"@id\":\"https:\/\/academy.ironfx.com\/vi\/#website\"},\"datePublished\":\"2023-04-27T08:14:34+00:00\",\"dateModified\":\"2026-01-30T13:31:14+00:00\",\"description\":\"Manood at matuto sa aming how-to videos na may mga video tutorial upang mapahusay ang kasanayan sa IronFX Academy.\",\"breadcrumb\":{\"@id\":\"https:\/\/academy.ironfx.com\/vi\/how-to-videos\/#breadcrumb\"},\"inLanguage\":\"vi\",\"potentialAction\":[{\"@type\":\"ReadAction\",\"target\":[\"https:\/\/academy.ironfx.com\/vi\/how-to-videos\/\"]}]},{\"@type\":\"BreadcrumbList\",\"@id\":\"https:\/\/academy.ironfx.com\/vi\/how-to-videos\/#breadcrumb\",\"itemListElement\":[{\"@type\":\"ListItem\",\"position\":1,\"name\":\"Home\",\"item\":\"https:\/\/academy.ironfx.com\/vi\/\"},{\"@type\":\"ListItem\",\"position\":2,\"name\":\"How-to videos\"}]},{\"@type\":\"WebSite\",\"@id\":\"https:\/\/academy.ironfx.com\/vi\/#website\",\"url\":\"https:\/\/academy.ironfx.com\/vi\/\",\"name\":\"IronFX Academy\",\"description\":\"\",\"publisher\":{\"@id\":\"https:\/\/academy.ironfx.com\/vi\/#organization\"},\"potentialAction\":[{\"@type\":\"SearchAction\",\"target\":{\"@type\":\"EntryPoint\",\"urlTemplate\":\"https:\/\/academy.ironfx.com\/vi\/?s={search_term_string}\"},\"query-input\":\"required name=search_term_string\"}],\"inLanguage\":\"vi\"},{\"@type\":\"Organization\",\"@id\":\"https:\/\/academy.ironfx.com\/vi\/#organization\",\"name\":\"IronFX Academy\",\"url\":\"https:\/\/academy.ironfx.com\/vi\/\",\"logo\":{\"@type\":\"ImageObject\",\"inLanguage\":\"vi\",\"@id\":\"https:\/\/academy.ironfx.com\/vi\/#\/schema\/logo\/image\/\",\"url\":\"\/wp-content\/uploads\/2023\/06\/IFX-Academy-OG.png\",\"contentUrl\":\"\/wp-content\/uploads\/2023\/06\/IFX-Academy-OG.png\",\"width\":1200,\"height\":630,\"caption\":\"IronFX Academy\"},\"image\":{\"@id\":\"https:\/\/academy.ironfx.com\/vi\/#\/schema\/logo\/image\/\"},\"sameAs\":[\"https:\/\/www.facebook.com\/IronFX\/\"]}]}<\/script>\n<!-- \/ Yoast SEO plugin. -->","yoast_head_json":{"title":"how-to videos | IronFX Academy Tutorials","description":"Manood at matuto sa aming how-to videos na may mga video tutorial upang mapahusay ang kasanayan sa IronFX Academy.","robots":{"index":"index","follow":"follow","max-snippet":"max-snippet:-1","max-image-preview":"max-image-preview:large","max-video-preview":"max-video-preview:-1"},"canonical":"https:\/\/academy.ironfx.com\/vi\/how-to-videos\/","og_locale":"vi_VN","og_type":"article","og_title":"how-to videos | IronFX Academy Tutorials","og_description":"Manood at matuto sa aming how-to videos na may mga video tutorial upang mapahusay ang kasanayan sa IronFX Academy.","og_url":"https:\/\/academy.ironfx.com\/vi\/how-to-videos\/","og_site_name":"IronFX Academy","article_publisher":"https:\/\/www.facebook.com\/IronFX\/","article_modified_time":"2026-01-30T13:31:14+00:00","twitter_card":"summary_large_image","twitter_misc":{"\u01af\u1edbc t\u00ednh th\u1eddi gian \u0111\u1ecdc":"1 ph\u00fat"},"schema":{"@context":"https:\/\/schema.org","@graph":[{"@type":"WebPage","@id":"https:\/\/academy.ironfx.com\/vi\/how-to-videos\/","url":"https:\/\/academy.ironfx.com\/vi\/how-to-videos\/","name":"how-to videos | IronFX Academy Tutorials","isPartOf":{"@id":"https:\/\/academy.ironfx.com\/vi\/#website"},"datePublished":"2023-04-27T08:14:34+00:00","dateModified":"2026-01-30T13:31:14+00:00","description":"Manood at matuto sa aming how-to videos na may mga video tutorial upang mapahusay ang kasanayan sa IronFX Academy.","breadcrumb":{"@id":"https:\/\/academy.ironfx.com\/vi\/how-to-videos\/#breadcrumb"},"inLanguage":"vi","potentialAction":[{"@type":"ReadAction","target":["https:\/\/academy.ironfx.com\/vi\/how-to-videos\/"]}]},{"@type":"BreadcrumbList","@id":"https:\/\/academy.ironfx.com\/vi\/how-to-videos\/#breadcrumb","itemListElement":[{"@type":"ListItem","position":1,"name":"Home","item":"https:\/\/academy.ironfx.com\/vi\/"},{"@type":"ListItem","position":2,"name":"How-to videos"}]},{"@type":"WebSite","@id":"https:\/\/academy.ironfx.com\/vi\/#website","url":"https:\/\/academy.ironfx.com\/vi\/","name":"IronFX Academy","description":"","publisher":{"@id":"https:\/\/academy.ironfx.com\/vi\/#organization"},"potentialAction":[{"@type":"SearchAction","target":{"@type":"EntryPoint","urlTemplate":"https:\/\/academy.ironfx.com\/vi\/?s={search_term_string}"},"query-input":"required name=search_term_string"}],"inLanguage":"vi"},{"@type":"Organization","@id":"https:\/\/academy.ironfx.com\/vi\/#organization","name":"IronFX Academy","url":"https:\/\/academy.ironfx.com\/vi\/","logo":{"@type":"ImageObject","inLanguage":"vi","@id":"https:\/\/academy.ironfx.com\/vi\/#\/schema\/logo\/image\/","url":"\/wp-content\/uploads\/2023\/06\/IFX-Academy-OG.png","contentUrl":"\/wp-content\/uploads\/2023\/06\/IFX-Academy-OG.png","width":1200,"height":630,"caption":"IronFX Academy"},"image":{"@id":"https:\/\/academy.ironfx.com\/vi\/#\/schema\/logo\/image\/"},"sameAs":["https:\/\/www.facebook.com\/IronFX\/"]}]}},"_links":{"self":[{"href":"https:\/\/academy.ironfx.com\/vi\/wp-json\/wp\/v2\/pages\/3686"}],"collection":[{"href":"https:\/\/academy.ironfx.com\/vi\/wp-json\/wp\/v2\/pages"}],"about":[{"href":"https:\/\/academy.ironfx.com\/vi\/wp-json\/wp\/v2\/types\/page"}],"author":[{"embeddable":true,"href":"https:\/\/academy.ironfx.com\/vi\/wp-json\/wp\/v2\/users\/2"}],"replies":[{"embeddable":true,"href":"https:\/\/academy.ironfx.com\/vi\/wp-json\/wp\/v2\/comments?post=3686"}],"version-history":[{"count":10,"href":"https:\/\/academy.ironfx.com\/vi\/wp-json\/wp\/v2\/pages\/3686\/revisions"}],"predecessor-version":[{"id":11912,"href":"https:\/\/academy.ironfx.com\/vi\/wp-json\/wp\/v2\/pages\/3686\/revisions\/11912"}],"wp:attachment":[{"href":"https:\/\/academy.ironfx.com\/vi\/wp-json\/wp\/v2\/media?parent=3686"}],"curies":[{"name":"wp","href":"https:\/\/api.w.org\/{rel}","templated":true}]}}