{"id":3717,"date":"2023-04-27T14:55:44","date_gmt":"2023-04-27T14:55:44","guid":{"rendered":"https:\/\/academy-ifx-com.wp-dev.int.theitops.net\/?page_id=3717"},"modified":"2026-01-30T14:03:37","modified_gmt":"2026-01-30T14:03:37","slug":"past-webinars","status":"publish","type":"page","link":"https:\/\/academy.ironfx.com\/vi\/past-webinars\/","title":{"rendered":"H\u1ed9i th\u1ea3o tr\u1ef1c tuy\u1ebfn \u0111\u00e3 di\u1ec5n ra"},"content":{"rendered":"<div data-elementor-type=\"wp-page\" data-elementor-id=\"3717\" class=\"elementor elementor-3717\">\n\t\t\t\t\t\t\t<div class=\"elementor-element elementor-element-869b18e e-con-boxed e-flex e-con\" data-id=\"869b18e\" data-element_type=\"container\" data-settings=\"{&quot;content_width&quot;:&quot;boxed&quot;}\">\n\t\t\t\t\t<div class=\"e-con-inner\">\n\t\t\t\t<div class=\"elementor-element elementor-element-2c019c5 elementor-widget elementor-widget-heading\" data-id=\"2c019c5\" data-element_type=\"widget\" data-widget_type=\"heading.default\">\n\t\t\t\t<div class=\"elementor-widget-container\">\n\t\t\t<style>\/*! elementor - v3.13.3 - 28-05-2023 *\/\n.elementor-heading-title{padding:0;margin:0;line-height:1}.elementor-widget-heading .elementor-heading-title[class*=elementor-size-]>a{color:inherit;font-size:inherit;line-height:inherit}.elementor-widget-heading .elementor-heading-title.elementor-size-small{font-size:15px}.elementor-widget-heading .elementor-heading-title.elementor-size-medium{font-size:19px}.elementor-widget-heading .elementor-heading-title.elementor-size-large{font-size:29px}.elementor-widget-heading .elementor-heading-title.elementor-size-xl{font-size:39px}.elementor-widget-heading .elementor-heading-title.elementor-size-xxl{font-size:59px}<\/style><h1 class=\"elementor-heading-title elementor-size-default\">H\u1ed9i th\u1ea3o tr\u1ef1c tuy\u1ebfn Forex \u0111\u00e3 di\u1ec5n ra<\/h1>\t\t<\/div>\n\t\t\t\t<\/div>\n\t\t\t\t<div class=\"elementor-element elementor-element-6e64194 elementor-widget elementor-widget-text-editor\" data-id=\"6e64194\" data-element_type=\"widget\" data-widget_type=\"text-editor.default\">\n\t\t\t\t<div class=\"elementor-widget-container\">\n\t\t\t<style>\/*! elementor - v3.13.3 - 28-05-2023 *\/\n.elementor-widget-text-editor.elementor-drop-cap-view-stacked .elementor-drop-cap{background-color:#69727d;color:#fff}.elementor-widget-text-editor.elementor-drop-cap-view-framed .elementor-drop-cap{color:#69727d;border:3px solid;background-color:transparent}.elementor-widget-text-editor:not(.elementor-drop-cap-view-default) .elementor-drop-cap{margin-top:8px}.elementor-widget-text-editor:not(.elementor-drop-cap-view-default) .elementor-drop-cap-letter{width:1em;height:1em}.elementor-widget-text-editor .elementor-drop-cap{float:left;text-align:center;line-height:1;font-size:50px}.elementor-widget-text-editor .elementor-drop-cap-letter{display:inline-block}<\/style>\t\t\t\t<p>N\u1ebfu b\u1ea1n \u0111\u00e3 b\u1ecf l\u1ee1 m\u1ed9t trong c\u00e1c bu\u1ed5i h\u1ed9i th\u1ea3o ho\u1eb7c mu\u1ed1n xem l\u1ea1i ch\u00fang, b\u1ea1n ho\u00e0n to\u00e0n c\u00f3 th\u1ec3 truy c\u1eadp b\u1ea5t k\u1ef3 bu\u1ed5i h\u1ed9i th\u1ea3o \u0111\u00e0o t\u1ea1o tr\u1ef1c tuy\u1ebfn n\u00e0o tr\u01b0\u1edbc \u0111\u00e2y c\u1ee7a ch\u00fang t\u00f4i.\u00a0<\/p>\t\t\t\t\t\t<\/div>\n\t\t\t\t<\/div>\n\t\t\t\t\t<\/div>\n\t\t\t\t<\/div>\n\t\t<div class=\"elementor-element elementor-element-057120a e-con-boxed e-flex e-con\" data-id=\"057120a\" data-element_type=\"container\" data-settings=\"{&quot;content_width&quot;:&quot;boxed&quot;}\">\n\t\t\t\t\t<div class=\"e-con-inner\">\n\t\t\t\t<div class=\"elementor-element elementor-element-defd1b8 elementor-widget elementor-widget-shortcode\" data-id=\"defd1b8\" data-element_type=\"widget\" data-widget_type=\"shortcode.default\">\n\t\t\t\t<div class=\"elementor-widget-container\">\n\t\t\t\t\t<div class=\"elementor-shortcode\"><div id=\"iapw-root\"><\/div><\/div>\n\t\t\t\t<\/div>\n\t\t\t\t<\/div>\n\t\t\t\t\t<\/div>\n\t\t\t\t<\/div>\n\t\t<div class=\"elementor-element elementor-element-66d66bc e-con-boxed e-flex e-con\" data-id=\"66d66bc\" data-element_type=\"container\" data-settings=\"{&quot;content_width&quot;:&quot;boxed&quot;}\">\n\t\t\t\t\t<div class=\"e-con-inner\">\n\t\t<a class=\"elementor-element elementor-element-5543606 e-con-boxed e-flex e-con\" data-id=\"5543606\" data-element_type=\"container\" data-settings=\"{&quot;background_background&quot;:&quot;classic&quot;,&quot;content_width&quot;:&quot;boxed&quot;}\" href=\"https:\/\/academy.ironfx.com\/vi\/register\/\">\n\t\t\t\t\t<div class=\"e-con-inner\">\n\t\t<div class=\"elementor-element elementor-element-1cbedd7 e-con-boxed e-flex e-con\" data-id=\"1cbedd7\" data-element_type=\"container\" data-settings=\"{&quot;content_width&quot;:&quot;boxed&quot;}\">\n\t\t\t\t\t<div class=\"e-con-inner\">\n\t\t\t\t<div class=\"elementor-element elementor-element-74c8ce1 elementor-widget elementor-widget-heading\" data-id=\"74c8ce1\" data-element_type=\"widget\" data-widget_type=\"heading.default\">\n\t\t\t\t<div class=\"elementor-widget-container\">\n\t\t\t<h2 class=\"elementor-heading-title elementor-size-default\">\u0110\u1eebng b\u1ecf l\u1ee1 h\u1ed9i th\u1ea3o tr\u1ef1c tuy\u1ebfn ti\u1ebfp theo c\u1ee7a ch\u00fang t\u00f4i!<\/h2>\t\t<\/div>\n\t\t\t\t<\/div>\n\t\t\t\t<div class=\"elementor-element elementor-element-eec55ac elementor-widget elementor-widget-heading\" data-id=\"eec55ac\" data-element_type=\"widget\" data-widget_type=\"heading.default\">\n\t\t\t\t<div class=\"elementor-widget-container\">\n\t\t\t<h3 class=\"elementor-heading-title elementor-size-default\">What is margin?<\/h3>\t\t<\/div>\n\t\t\t\t<\/div>\n\t\t\t\t\t<\/div>\n\t\t\t\t<\/div>\n\t\t<div class=\"elementor-element elementor-element-64ee819 elementor-hidden-mobile e-con-boxed e-flex e-con\" data-id=\"64ee819\" data-element_type=\"container\" data-settings=\"{&quot;background_background&quot;:&quot;classic&quot;,&quot;position&quot;:&quot;absolute&quot;,&quot;content_width&quot;:&quot;boxed&quot;}\">\n\t\t\t\t\t<div class=\"e-con-inner\">\n\t\t\t\t<div class=\"elementor-element elementor-element-24c35f8 elementor-absolute elementor-hidden-mobile elementor-widget elementor-widget-image\" data-id=\"24c35f8\" data-element_type=\"widget\" data-settings=\"{&quot;_position&quot;:&quot;absolute&quot;}\" data-widget_type=\"image.default\">\n\t\t\t\t<div class=\"elementor-widget-container\">\n\t\t\t<style>\/*! elementor - v3.13.3 - 28-05-2023 *\/\n.elementor-widget-image{text-align:center}.elementor-widget-image a{display:inline-block}.elementor-widget-image a img[src$=\".svg\"]{width:48px}.elementor-widget-image img{vertical-align:middle;display:inline-block}<\/style>\t\t\t\t\t\t\t\t\t\t\t\t<img decoding=\"async\" width=\"149\" height=\"174\" src=\"\/wp-content\/uploads\/2024\/02\/traders-knowledge-resources.svg\" class=\"attachment-full size-full wp-image-10690\" alt=\"\" loading=\"lazy\" \/>\t\t\t\t\t\t\t\t\t\t\t\t\t\t\t<\/div>\n\t\t\t\t<\/div>\n\t\t\t\t\t<\/div>\n\t\t\t\t<\/div>\n\t\t<div class=\"elementor-element elementor-element-f67c738 e-con-boxed e-flex e-con\" data-id=\"f67c738\" data-element_type=\"container\" data-settings=\"{&quot;content_width&quot;:&quot;boxed&quot;}\">\n\t\t\t\t\t<div class=\"e-con-inner\">\n\t\t\t\t<div class=\"elementor-element elementor-element-e263e46 elementor-widget elementor-widget-image\" data-id=\"e263e46\" data-element_type=\"widget\" data-widget_type=\"image.default\">\n\t\t\t\t<div class=\"elementor-widget-container\">\n\t\t\t\t\t\t\t\t\t\t\t\t\t\t\t<img decoding=\"async\" width=\"227\" height=\"52\" src=\"\/wp-content\/uploads\/2024\/02\/past-webinars-bottom-banner-btn.png\" class=\"attachment-full size-full wp-image-10677\" alt=\"\" loading=\"lazy\" srcset=\"\/wp-content\/uploads\/2024\/02\/past-webinars-bottom-banner-btn.png 227w, \/wp-content\/uploads\/2024\/02\/past-webinars-bottom-banner-btn-18x4.png 18w\" sizes=\"(max-width: 227px) 100vw, 227px\" \/>\t\t\t\t\t\t\t\t\t\t\t\t\t\t\t<\/div>\n\t\t\t\t<\/div>\n\t\t\t\t\t<\/div>\n\t\t\t\t<\/div>\n\t\t\t\t\t<\/div>\n\t\t\t\t<\/a>\n\t\t\t\t\t<\/div>\n\t\t\t\t<\/div>\n\t\t<div class=\"elementor-element elementor-element-f72e5b2 elementor-hidden-desktop elementor-hidden-tablet elementor-hidden-mobile e-con-boxed e-flex e-con\" data-id=\"f72e5b2\" data-element_type=\"container\" data-settings=\"{&quot;content_width&quot;:&quot;boxed&quot;}\">\n\t\t\t\t\t<div class=\"e-con-inner\">\n\t\t<a class=\"elementor-element elementor-element-24a2366 e-con-boxed e-flex e-con\" data-id=\"24a2366\" data-element_type=\"container\" data-settings=\"{&quot;background_background&quot;:&quot;classic&quot;,&quot;content_width&quot;:&quot;boxed&quot;}\" href=\"https:\/\/academy.ironfx.com\/vi\/register\/\">\n\t\t\t\t\t<div class=\"e-con-inner\">\n\t\t\t\t\t<\/div>\n\t\t\t\t<\/a>\n\t\t\t\t\t<\/div>\n\t\t\t\t<\/div>\n\t\t\t\t\t\t\t<\/div>","protected":false},"excerpt":{"rendered":"<p>Past Forex Webinars If you missed one of our live forex webinars, or would like to watch it again, you can access any of our past online trading webinars.&nbsp; Don\u2019t miss our next webinar! What is margin?<\/p>","protected":false},"author":2,"featured_media":0,"parent":0,"menu_order":0,"comment_status":"closed","ping_status":"closed","template":"elementor_header_footer","meta":[],"acf":[],"yoast_head":"<!-- This site is optimized with the Yoast SEO plugin v20.8 - https:\/\/yoast.com\/wordpress\/plugins\/seo\/ -->\n<title>Past Webinars | IronFX Academy Library<\/title>\n<meta name=\"description\" content=\"Get access to our past online educational webinars and explore expert-led sessions designed to support your learning with IronFX Academy.\" \/>\n<meta name=\"robots\" content=\"index, follow, max-snippet:-1, max-image-preview:large, max-video-preview:-1\" \/>\n<link rel=\"canonical\" href=\"https:\/\/academy.ironfx.com\/vi\/past-webinars\/\" \/>\n<meta property=\"og:locale\" content=\"vi_VN\" \/>\n<meta property=\"og:type\" content=\"article\" \/>\n<meta property=\"og:title\" content=\"Past Webinars | IronFX Academy Library\" \/>\n<meta property=\"og:description\" content=\"Get access to our past online educational webinars and explore expert-led sessions designed to support your learning with IronFX Academy.\" \/>\n<meta property=\"og:url\" content=\"https:\/\/academy.ironfx.com\/vi\/past-webinars\/\" \/>\n<meta property=\"og:site_name\" content=\"IronFX Academy\" \/>\n<meta property=\"article:publisher\" content=\"https:\/\/www.facebook.com\/IronFX\/\" \/>\n<meta property=\"article:modified_time\" content=\"2026-01-30T14:03:37+00:00\" \/>\n<meta name=\"twitter:card\" content=\"summary_large_image\" \/>\n<meta name=\"twitter:label1\" content=\"\u01af\u1edbc t\u00ednh th\u1eddi gian \u0111\u1ecdc\" \/>\n\t<meta name=\"twitter:data1\" content=\"1 ph\u00fat\" \/>\n<script type=\"application\/ld+json\" class=\"yoast-schema-graph\">{\"@context\":\"https:\/\/schema.org\",\"@graph\":[{\"@type\":\"WebPage\",\"@id\":\"https:\/\/academy.ironfx.com\/vi\/past-webinars\/\",\"url\":\"https:\/\/academy.ironfx.com\/vi\/past-webinars\/\",\"name\":\"Past Webinars | IronFX Academy Library\",\"isPartOf\":{\"@id\":\"https:\/\/academy.ironfx.com\/vi\/#website\"},\"datePublished\":\"2023-04-27T14:55:44+00:00\",\"dateModified\":\"2026-01-30T14:03:37+00:00\",\"description\":\"Get access to our past online educational webinars and explore expert-led sessions designed to support your learning with IronFX Academy.\",\"breadcrumb\":{\"@id\":\"https:\/\/academy.ironfx.com\/vi\/past-webinars\/#breadcrumb\"},\"inLanguage\":\"vi\",\"potentialAction\":[{\"@type\":\"ReadAction\",\"target\":[\"https:\/\/academy.ironfx.com\/vi\/past-webinars\/\"]}]},{\"@type\":\"BreadcrumbList\",\"@id\":\"https:\/\/academy.ironfx.com\/vi\/past-webinars\/#breadcrumb\",\"itemListElement\":[{\"@type\":\"ListItem\",\"position\":1,\"name\":\"Home\",\"item\":\"https:\/\/academy.ironfx.com\/vi\/\"},{\"@type\":\"ListItem\",\"position\":2,\"name\":\"Past Webinars\"}]},{\"@type\":\"WebSite\",\"@id\":\"https:\/\/academy.ironfx.com\/vi\/#website\",\"url\":\"https:\/\/academy.ironfx.com\/vi\/\",\"name\":\"IronFX Academy\",\"description\":\"\",\"publisher\":{\"@id\":\"https:\/\/academy.ironfx.com\/vi\/#organization\"},\"potentialAction\":[{\"@type\":\"SearchAction\",\"target\":{\"@type\":\"EntryPoint\",\"urlTemplate\":\"https:\/\/academy.ironfx.com\/vi\/?s={search_term_string}\"},\"query-input\":\"required name=search_term_string\"}],\"inLanguage\":\"vi\"},{\"@type\":\"Organization\",\"@id\":\"https:\/\/academy.ironfx.com\/vi\/#organization\",\"name\":\"IronFX Academy\",\"url\":\"https:\/\/academy.ironfx.com\/vi\/\",\"logo\":{\"@type\":\"ImageObject\",\"inLanguage\":\"vi\",\"@id\":\"https:\/\/academy.ironfx.com\/vi\/#\/schema\/logo\/image\/\",\"url\":\"\/wp-content\/uploads\/2023\/06\/IFX-Academy-OG.png\",\"contentUrl\":\"\/wp-content\/uploads\/2023\/06\/IFX-Academy-OG.png\",\"width\":1200,\"height\":630,\"caption\":\"IronFX Academy\"},\"image\":{\"@id\":\"https:\/\/academy.ironfx.com\/vi\/#\/schema\/logo\/image\/\"},\"sameAs\":[\"https:\/\/www.facebook.com\/IronFX\/\"]}]}<\/script>\n<!-- \/ Yoast SEO plugin. -->","yoast_head_json":{"title":"Past Webinars | IronFX Academy Library","description":"Get access to our past online educational webinars and explore expert-led sessions designed to support your learning with IronFX Academy.","robots":{"index":"index","follow":"follow","max-snippet":"max-snippet:-1","max-image-preview":"max-image-preview:large","max-video-preview":"max-video-preview:-1"},"canonical":"https:\/\/academy.ironfx.com\/vi\/past-webinars\/","og_locale":"vi_VN","og_type":"article","og_title":"Past Webinars | IronFX Academy Library","og_description":"Get access to our past online educational webinars and explore expert-led sessions designed to support your learning with IronFX Academy.","og_url":"https:\/\/academy.ironfx.com\/vi\/past-webinars\/","og_site_name":"IronFX Academy","article_publisher":"https:\/\/www.facebook.com\/IronFX\/","article_modified_time":"2026-01-30T14:03:37+00:00","twitter_card":"summary_large_image","twitter_misc":{"\u01af\u1edbc t\u00ednh th\u1eddi gian \u0111\u1ecdc":"1 ph\u00fat"},"schema":{"@context":"https:\/\/schema.org","@graph":[{"@type":"WebPage","@id":"https:\/\/academy.ironfx.com\/vi\/past-webinars\/","url":"https:\/\/academy.ironfx.com\/vi\/past-webinars\/","name":"Past Webinars | IronFX Academy Library","isPartOf":{"@id":"https:\/\/academy.ironfx.com\/vi\/#website"},"datePublished":"2023-04-27T14:55:44+00:00","dateModified":"2026-01-30T14:03:37+00:00","description":"Get access to our past online educational webinars and explore expert-led sessions designed to support your learning with IronFX Academy.","breadcrumb":{"@id":"https:\/\/academy.ironfx.com\/vi\/past-webinars\/#breadcrumb"},"inLanguage":"vi","potentialAction":[{"@type":"ReadAction","target":["https:\/\/academy.ironfx.com\/vi\/past-webinars\/"]}]},{"@type":"BreadcrumbList","@id":"https:\/\/academy.ironfx.com\/vi\/past-webinars\/#breadcrumb","itemListElement":[{"@type":"ListItem","position":1,"name":"Home","item":"https:\/\/academy.ironfx.com\/vi\/"},{"@type":"ListItem","position":2,"name":"Past Webinars"}]},{"@type":"WebSite","@id":"https:\/\/academy.ironfx.com\/vi\/#website","url":"https:\/\/academy.ironfx.com\/vi\/","name":"IronFX Academy","description":"","publisher":{"@id":"https:\/\/academy.ironfx.com\/vi\/#organization"},"potentialAction":[{"@type":"SearchAction","target":{"@type":"EntryPoint","urlTemplate":"https:\/\/academy.ironfx.com\/vi\/?s={search_term_string}"},"query-input":"required name=search_term_string"}],"inLanguage":"vi"},{"@type":"Organization","@id":"https:\/\/academy.ironfx.com\/vi\/#organization","name":"IronFX Academy","url":"https:\/\/academy.ironfx.com\/vi\/","logo":{"@type":"ImageObject","inLanguage":"vi","@id":"https:\/\/academy.ironfx.com\/vi\/#\/schema\/logo\/image\/","url":"\/wp-content\/uploads\/2023\/06\/IFX-Academy-OG.png","contentUrl":"\/wp-content\/uploads\/2023\/06\/IFX-Academy-OG.png","width":1200,"height":630,"caption":"IronFX Academy"},"image":{"@id":"https:\/\/academy.ironfx.com\/vi\/#\/schema\/logo\/image\/"},"sameAs":["https:\/\/www.facebook.com\/IronFX\/"]}]}},"_links":{"self":[{"href":"https:\/\/academy.ironfx.com\/vi\/wp-json\/wp\/v2\/pages\/3717"}],"collection":[{"href":"https:\/\/academy.ironfx.com\/vi\/wp-json\/wp\/v2\/pages"}],"about":[{"href":"https:\/\/academy.ironfx.com\/vi\/wp-json\/wp\/v2\/types\/page"}],"author":[{"embeddable":true,"href":"https:\/\/academy.ironfx.com\/vi\/wp-json\/wp\/v2\/users\/2"}],"replies":[{"embeddable":true,"href":"https:\/\/academy.ironfx.com\/vi\/wp-json\/wp\/v2\/comments?post=3717"}],"version-history":[{"count":10,"href":"https:\/\/academy.ironfx.com\/vi\/wp-json\/wp\/v2\/pages\/3717\/revisions"}],"predecessor-version":[{"id":11914,"href":"https:\/\/academy.ironfx.com\/vi\/wp-json\/wp\/v2\/pages\/3717\/revisions\/11914"}],"wp:attachment":[{"href":"https:\/\/academy.ironfx.com\/vi\/wp-json\/wp\/v2\/media?parent=3717"}],"curies":[{"name":"wp","href":"https:\/\/api.w.org\/{rel}","templated":true}]}}